{"id":6504,"date":"2021-06-08T11:39:09","date_gmt":"2021-06-08T09:39:09","guid":{"rendered":"http:\/\/botanic-art.hu\/?page_id=6504"},"modified":"2021-06-16T14:57:35","modified_gmt":"2021-06-16T12:57:35","slug":"account","status":"publish","type":"page","link":"https:\/\/botanic-art.hu\/en\/account\/","title":{"rendered":"My account"},"content":{"rendered":"<div class=\"woocommerce\"><\/div>\n","protected":false},"excerpt":{"rendered":"","protected":false},"author":24,"featured_media":0,"parent":0,"menu_order":0,"comment_status":"closed","ping_status":"closed","template":"","meta":{"_exactmetrics_skip_tracking":false,"_exactmetrics_sitenote_active":false,"_exactmetrics_sitenote_note":"","_exactmetrics_sitenote_category":0,"footnotes":""},"class_list":["post-6504","page","type-page","status-publish","hentry"],"yoast_head":"<!-- This site is optimized with the Yoast SEO plugin v25.8 - https:\/\/yoast.com\/wordpress\/plugins\/seo\/ -->\n<title>My account | Flowerwall, flower compositions, wedding desk decorations<\/title>\n<meta name=\"description\" content=\"Egyedi \u00e9s st\u00edlusos asztald\u00edsz, koszor\u00fa, esk\u00fcv\u0151i dekor\u00e1ci\u00f3 \u00e9s sz\u00e1mtalan selyemvir\u00e1g kompoz\u00edci\u00f3 a k\u00edn\u00e1latunkban. Sz\u00e1lloda dekor\u00e1ci\u00f3, kirakat dekor\u00e1ci\u00f3. Menyasszonyi csokor.\" \/>\n<meta name=\"robots\" content=\"index, follow, max-snippet:-1, max-image-preview:large, max-video-preview:-1\" \/>\n<link rel=\"canonical\" href=\"https:\/\/botanic-art.hu\/en\/account\/\" \/>\n<meta property=\"og:locale\" content=\"en_GB\" \/>\n<meta property=\"og:type\" content=\"article\" \/>\n<meta property=\"og:title\" content=\"My account | #{tt}\" \/>\n<meta property=\"og:description\" content=\"Egyedi \u00e9s st\u00edlusos asztald\u00edsz, koszor\u00fa, esk\u00fcv\u0151i dekor\u00e1ci\u00f3 \u00e9s sz\u00e1mtalan selyemvir\u00e1g kompoz\u00edci\u00f3 a k\u00edn\u00e1latunkban. Sz\u00e1lloda dekor\u00e1ci\u00f3, kirakat dekor\u00e1ci\u00f3. Menyasszonyi csokor.\" \/>\n<meta property=\"og:url\" content=\"https:\/\/botanic-art.hu\/en\/account\/\" \/>\n<meta property=\"og:site_name\" content=\"Botanic Art\" \/>\n<meta property=\"article:publisher\" content=\"https:\/\/www.facebook.com\/botanicart.eu\" \/>\n<meta property=\"article:modified_time\" content=\"2021-06-16T12:57:35+00:00\" \/>\n<meta property=\"og:image\" content=\"https:\/\/botanic-art.hu\/wp-content\/uploads\/2018\/08\/14601130_1121562247881558_1853992560013456714_n.jpg\" \/>\n\t<meta property=\"og:image:width\" content=\"693\" \/>\n\t<meta property=\"og:image:height\" content=\"693\" \/>\n\t<meta property=\"og:image:type\" content=\"image\/jpeg\" \/>\n<meta name=\"twitter:card\" content=\"summary_large_image\" \/>\n<meta name=\"twitter:label1\" content=\"Estimated reading time\" \/>\n\t<meta name=\"twitter:data1\" content=\"1 minute\" \/>\n<script type=\"application\/ld+json\" class=\"yoast-schema-graph\">{\"@context\":\"https:\/\/schema.org\",\"@graph\":[{\"@type\":\"WebPage\",\"@id\":\"https:\/\/botanic-art.hu\/en\/account\/\",\"url\":\"https:\/\/botanic-art.hu\/en\/account\/\",\"name\":\"My account | #{tt}\",\"isPartOf\":{\"@id\":\"https:\/\/botanic-art.hu\/#website\"},\"datePublished\":\"2021-06-08T09:39:09+00:00\",\"dateModified\":\"2021-06-16T12:57:35+00:00\",\"description\":\"Egyedi \u00e9s st\u00edlusos asztald\u00edsz, koszor\u00fa, esk\u00fcv\u0151i dekor\u00e1ci\u00f3 \u00e9s sz\u00e1mtalan selyemvir\u00e1g kompoz\u00edci\u00f3 a k\u00edn\u00e1latunkban. Sz\u00e1lloda dekor\u00e1ci\u00f3, kirakat dekor\u00e1ci\u00f3. Menyasszonyi csokor.\",\"breadcrumb\":{\"@id\":\"https:\/\/botanic-art.hu\/en\/account\/#breadcrumb\"},\"inLanguage\":\"en-GB\",\"potentialAction\":[{\"@type\":\"ReadAction\",\"target\":[\"https:\/\/botanic-art.hu\/en\/account\/\"]}]},{\"@type\":\"BreadcrumbList\",\"@id\":\"https:\/\/botanic-art.hu\/en\/account\/#breadcrumb\",\"itemListElement\":[{\"@type\":\"ListItem\",\"position\":1,\"name\":\"Home\",\"item\":\"https:\/\/botanic-art.hu\/en\/\"},{\"@type\":\"ListItem\",\"position\":2,\"name\":\"My account\"}]},{\"@type\":\"WebSite\",\"@id\":\"https:\/\/botanic-art.hu\/#website\",\"url\":\"https:\/\/botanic-art.hu\/\",\"name\":\"Botanic Art\",\"description\":\"\",\"publisher\":{\"@id\":\"https:\/\/botanic-art.hu\/#organization\"},\"potentialAction\":[{\"@type\":\"SearchAction\",\"target\":{\"@type\":\"EntryPoint\",\"urlTemplate\":\"https:\/\/botanic-art.hu\/?s={search_term_string}\"},\"query-input\":{\"@type\":\"PropertyValueSpecification\",\"valueRequired\":true,\"valueName\":\"search_term_string\"}}],\"inLanguage\":\"en-GB\"},{\"@type\":\"Organization\",\"@id\":\"https:\/\/botanic-art.hu\/#organization\",\"name\":\"Botanic-art\",\"url\":\"https:\/\/botanic-art.hu\/\",\"logo\":{\"@type\":\"ImageObject\",\"inLanguage\":\"en-GB\",\"@id\":\"https:\/\/botanic-art.hu\/#\/schema\/logo\/image\/\",\"url\":\"http:\/\/botanic-art.hu\/wp-content\/uploads\/2018\/08\/14601130_1121562247881558_1853992560013456714_n.jpg\",\"contentUrl\":\"http:\/\/botanic-art.hu\/wp-content\/uploads\/2018\/08\/14601130_1121562247881558_1853992560013456714_n.jpg\",\"width\":693,\"height\":693,\"caption\":\"Botanic-art\"},\"image\":{\"@id\":\"https:\/\/botanic-art.hu\/#\/schema\/logo\/image\/\"},\"sameAs\":[\"https:\/\/www.facebook.com\/botanicart.eu\"]}]}<\/script>\n<!-- \/ Yoast SEO plugin. -->","yoast_head_json":{"title":"My account | Flowerwall, flower compositions, wedding desk decorations","description":"Egyedi \u00e9s st\u00edlusos asztald\u00edsz, koszor\u00fa, esk\u00fcv\u0151i dekor\u00e1ci\u00f3 \u00e9s sz\u00e1mtalan selyemvir\u00e1g kompoz\u00edci\u00f3 a k\u00edn\u00e1latunkban. Sz\u00e1lloda dekor\u00e1ci\u00f3, kirakat dekor\u00e1ci\u00f3. Menyasszonyi csokor.","robots":{"index":"index","follow":"follow","max-snippet":"max-snippet:-1","max-image-preview":"max-image-preview:large","max-video-preview":"max-video-preview:-1"},"canonical":"https:\/\/botanic-art.hu\/en\/account\/","og_locale":"en_GB","og_type":"article","og_title":"My account | #{tt}","og_description":"Egyedi \u00e9s st\u00edlusos asztald\u00edsz, koszor\u00fa, esk\u00fcv\u0151i dekor\u00e1ci\u00f3 \u00e9s sz\u00e1mtalan selyemvir\u00e1g kompoz\u00edci\u00f3 a k\u00edn\u00e1latunkban. Sz\u00e1lloda dekor\u00e1ci\u00f3, kirakat dekor\u00e1ci\u00f3. Menyasszonyi csokor.","og_url":"https:\/\/botanic-art.hu\/en\/account\/","og_site_name":"Botanic Art","article_publisher":"https:\/\/www.facebook.com\/botanicart.eu","article_modified_time":"2021-06-16T12:57:35+00:00","og_image":[{"width":693,"height":693,"url":"https:\/\/botanic-art.hu\/wp-content\/uploads\/2018\/08\/14601130_1121562247881558_1853992560013456714_n.jpg","type":"image\/jpeg"}],"twitter_card":"summary_large_image","twitter_misc":{"Estimated reading time":"1 minute"},"schema":{"@context":"https:\/\/schema.org","@graph":[{"@type":"WebPage","@id":"https:\/\/botanic-art.hu\/en\/account\/","url":"https:\/\/botanic-art.hu\/en\/account\/","name":"My account | #{tt}","isPartOf":{"@id":"https:\/\/botanic-art.hu\/#website"},"datePublished":"2021-06-08T09:39:09+00:00","dateModified":"2021-06-16T12:57:35+00:00","description":"Egyedi \u00e9s st\u00edlusos asztald\u00edsz, koszor\u00fa, esk\u00fcv\u0151i dekor\u00e1ci\u00f3 \u00e9s sz\u00e1mtalan selyemvir\u00e1g kompoz\u00edci\u00f3 a k\u00edn\u00e1latunkban. Sz\u00e1lloda dekor\u00e1ci\u00f3, kirakat dekor\u00e1ci\u00f3. Menyasszonyi csokor.","breadcrumb":{"@id":"https:\/\/botanic-art.hu\/en\/account\/#breadcrumb"},"inLanguage":"en-GB","potentialAction":[{"@type":"ReadAction","target":["https:\/\/botanic-art.hu\/en\/account\/"]}]},{"@type":"BreadcrumbList","@id":"https:\/\/botanic-art.hu\/en\/account\/#breadcrumb","itemListElement":[{"@type":"ListItem","position":1,"name":"Home","item":"https:\/\/botanic-art.hu\/en\/"},{"@type":"ListItem","position":2,"name":"My account"}]},{"@type":"WebSite","@id":"https:\/\/botanic-art.hu\/#website","url":"https:\/\/botanic-art.hu\/","name":"Botanic Art","description":"","publisher":{"@id":"https:\/\/botanic-art.hu\/#organization"},"potentialAction":[{"@type":"SearchAction","target":{"@type":"EntryPoint","urlTemplate":"https:\/\/botanic-art.hu\/?s={search_term_string}"},"query-input":{"@type":"PropertyValueSpecification","valueRequired":true,"valueName":"search_term_string"}}],"inLanguage":"en-GB"},{"@type":"Organization","@id":"https:\/\/botanic-art.hu\/#organization","name":"Botanic-art","url":"https:\/\/botanic-art.hu\/","logo":{"@type":"ImageObject","inLanguage":"en-GB","@id":"https:\/\/botanic-art.hu\/#\/schema\/logo\/image\/","url":"http:\/\/botanic-art.hu\/wp-content\/uploads\/2018\/08\/14601130_1121562247881558_1853992560013456714_n.jpg","contentUrl":"http:\/\/botanic-art.hu\/wp-content\/uploads\/2018\/08\/14601130_1121562247881558_1853992560013456714_n.jpg","width":693,"height":693,"caption":"Botanic-art"},"image":{"@id":"https:\/\/botanic-art.hu\/#\/schema\/logo\/image\/"},"sameAs":["https:\/\/www.facebook.com\/botanicart.eu"]}]}},"_links":{"self":[{"href":"https:\/\/botanic-art.hu\/en\/wp-json\/wp\/v2\/pages\/6504","targetHints":{"allow":["GET"]}}],"collection":[{"href":"https:\/\/botanic-art.hu\/en\/wp-json\/wp\/v2\/pages"}],"about":[{"href":"https:\/\/botanic-art.hu\/en\/wp-json\/wp\/v2\/types\/page"}],"author":[{"embeddable":true,"href":"https:\/\/botanic-art.hu\/en\/wp-json\/wp\/v2\/users\/24"}],"replies":[{"embeddable":true,"href":"https:\/\/botanic-art.hu\/en\/wp-json\/wp\/v2\/comments?post=6504"}],"version-history":[{"count":2,"href":"https:\/\/botanic-art.hu\/en\/wp-json\/wp\/v2\/pages\/6504\/revisions"}],"predecessor-version":[{"id":6643,"href":"https:\/\/botanic-art.hu\/en\/wp-json\/wp\/v2\/pages\/6504\/revisions\/6643"}],"wp:attachment":[{"href":"https:\/\/botanic-art.hu\/en\/wp-json\/wp\/v2\/media?parent=6504"}],"curies":[{"name":"wp","href":"https:\/\/api.w.org\/{rel}","templated":true}]}}